{"id":2,"date":"2020-03-27T10:41:54","date_gmt":"2020-03-27T09:41:54","guid":{"rendered":"https:\/\/public.kvcso.cz\/?page_id=2"},"modified":"2022-05-06T10:13:23","modified_gmt":"2022-05-06T08:13:23","slug":"zkusebni-stranka","status":"publish","type":"page","link":"https:\/\/ucitel.kvcso.cz\/?page_id=2","title":{"rendered":"O webu"},"content":{"rendered":"\n<p>Tento web vznikl p\u016fvodn\u011b v r\u00e1mci projektu&nbsp;<em>Metodick\u00e9 kabinety Karlovarsk\u00e9ho kraje pro dal\u0161\u00ed vzd\u011bl\u00e1v\u00e1n\u00ed pedagogick\u00fdch pracovn\u00edk\u016f<\/em>&nbsp;jako v\u00fdstup z kl\u00ed\u010dov\u00e9 aktivity&nbsp;<em>Publika\u010dn\u00ed \u010dinnost<\/em>. Jde o jednu \u010d\u00e1st cel\u00e9ho projektu, ve kter\u00e9m n\u011bkolik des\u00edtek odborn\u00fdch metodik\u016f (rovn\u011b\u017e pedagog\u016f Karlovarsk\u00e9ho kraje) poskytovalo metodick\u00e9 konzultace jin\u00fdm u\u010ditel\u016fm nap\u0159\u00ed\u010d cel\u00fdm regionem, a d\u00e1le jsme realizovali vzd\u011bl\u00e1vac\u00ed semin\u00e1\u0159e v r\u00e1mci DVPP.<\/p>\n\n\n\n<figure class=\"wp-block-gallery columns-1 is-cropped wp-block-gallery-1 is-layout-flex wp-block-gallery-is-layout-flex\"><ul class=\"blocks-gallery-grid\"><li class=\"blocks-gallery-item\"><figure><img loading=\"lazy\" decoding=\"async\" width=\"644\" height=\"364\" src=\"http:\/\/ucitel.kvcso.cz\/wp-content\/uploads\/2022\/05\/sborniky-644x364.jpg\" alt=\"Sborn\u00edky\" data-id=\"811\" data-full-url=\"http:\/\/ucitel.kvcso.cz\/wp-content\/uploads\/2022\/05\/sborniky.jpg\" data-link=\"http:\/\/ucitel.kvcso.cz\/?attachment_id=811\" class=\"wp-image-811\" srcset=\"https:\/\/ucitel.kvcso.cz\/wp-content\/uploads\/2022\/05\/sborniky-644x364.jpg 644w, https:\/\/ucitel.kvcso.cz\/wp-content\/uploads\/2022\/05\/sborniky-300x170.jpg 300w, https:\/\/ucitel.kvcso.cz\/wp-content\/uploads\/2022\/05\/sborniky.jpg 700w\" sizes=\"auto, (max-width: 644px) 100vw, 644px\" \/><\/figure><\/li><\/ul><\/figure>\n\n\n\n<p>Web m\u00e1 velmi jednoduchou strukturu. Je rozd\u011blen do dev\u00edti rubrik, kter\u00e9 jsou zam\u011b\u0159eny na \u0161ir\u0161\u00ed vzd\u011bl\u00e1vac\u00ed oblast.&nbsp;<strong>Mate\u0159sk\u00e9 \u0161koly<\/strong>&nbsp;a&nbsp;<strong>1.&nbsp;stupe\u0148 Z\u0160<\/strong>&nbsp;jsou vcelku jasn\u00e9. Dal\u0161\u00ed \u010d\u00e1st tvo\u0159\u00ed oblast&nbsp;<strong>Jazyky<\/strong>, kam jsme za\u0159adili \u010de\u0161tinu a cizojazy\u010dn\u00e9 vzd\u011bl\u00e1v\u00e1n\u00ed. Velk\u00fdm o\u0159\u00ed\u0161kem byla&nbsp;<strong>Matematika a informatika<\/strong>, nebo\u0165 jde o vzd\u011bl\u00e1vac\u00ed obory, kter\u00e9 spolu velmi souvis\u00ed. Na\u0161\u00ed snahou bylo, aby zde nevznikal jak\u00fdsi manu\u00e1l pro v\u00fdpo\u010detn\u00ed techniku, ale u\u017eivatelsky p\u0159\u00ednosn\u00fd text, kter\u00fd u\u010ditel\u016fm pom\u016f\u017ee hlavn\u011b metodicky. A tak\u00e9 snad povede k uji\u0161t\u011bn\u00ed, \u017ee informatika je sp\u00ed\u0161e o matematice ne\u017e o po\u010d\u00edta\u010d\u00edch. V\u011bdn\u00ed discipl\u00edny jsou z\u0159ejm\u00e9, my jsme je rozd\u011blili na&nbsp;<strong>P\u0159\u00edrodov\u011bdn\u00e9<\/strong>&nbsp;a&nbsp;<strong>Spole\u010denskov\u011bdn\u00e9<\/strong>&nbsp;obory. V\u00fdznam&nbsp;<strong>V\u00fdchov<\/strong>&nbsp;je natolik z\u00e1sadn\u00ed, \u017ee si zaslou\u017e\u00ed samostatnou kapitolu. Posledn\u00ed dv\u011b \u010d\u00e1sti tvo\u0159\u00ed&nbsp;<strong>Metodick\u00e9 \u0159\u00edzen\u00ed<\/strong> a <strong>ICT<\/strong>. Velmi \u0161irok\u00e1 oblasti ve kter\u00fdch n\u00e1m ne\u0161lo o klasickou \u0159\u00edd\u00edc\u00ed \u010dinnost ve \u0161kol\u00e1ch, ale o pr\u016f\u0159ezovou problematiku.<\/p>\n\n\n\n<p>Publika\u010dn\u00ed prostor, kter\u00fd jsme pedagog\u016fm na\u0161eho Karlovarsk\u00e9ho kraje vytvo\u0159ili, m\u016f\u017ee b\u00fdt d\u00e1le napl\u0148ov\u00e1n. Projekt v listopadu 2014 skon\u010dil (<a href=\"http:\/\/metodik.kvcso.cz\/index.php\">Metodick\u00e9 kabinety<\/a>), ale mo\u017enost \u0161\u00ed\u0159en\u00ed zku\u0161enost\u00ed a zaj\u00edmav\u00fdch p\u0159\u00edklad\u016f z praxe nikoli. V p\u0159\u00edpad\u011b z\u00e1jmu o publikov\u00e1n\u00ed vlastn\u00edch text\u016f s pedagogick\u00fdm zam\u011b\u0159en\u00edm se na n\u00e1s obra\u0165te, r\u00e1di v\u00e1m vysv\u011btl\u00edme v\u0161e pot\u0159ebn\u00e9.  Pod uveden\u00fdm odkazem rovn\u011b\u017e najdete p\u016fvodn\u00ed \u010dl\u00e1nky v\u010detn\u011b doprovodn\u00fdch obr\u00e1zk\u016f.<\/p>\n\n\n\n<p>V\u0161echny \u010dl\u00e1nky jsou publikov\u00e1ny pod&nbsp;<a href=\"https:\/\/creativecommons.org\/licenses\/by-nc-nd\/3.0\/cz\/\">licenc\u00ed<\/a>&nbsp;Creative Commons.<\/p>\n","protected":false},"excerpt":{"rendered":"<p>Tento web vznikl p\u016fvodn\u011b v r\u00e1mci projektu&nbsp;Metodick\u00e9 kabinety Karlovarsk\u00e9ho kraje pro dal\u0161\u00ed vzd\u011bl\u00e1v\u00e1n\u00ed pedagogick\u00fdch pracovn\u00edk\u016f&nbsp;jako v\u00fdstup z kl\u00ed\u010dov\u00e9 aktivity&nbsp;Publika\u010dn\u00ed \u010dinnost. Jde o jednu \u010d\u00e1st cel\u00e9ho projektu, ve kter\u00e9m n\u011bkolik des\u00edtek odborn\u00fdch metodik\u016f (rovn\u011b\u017e pedagog\u016f Karlovarsk\u00e9ho kraje) poskytovalo metodick\u00e9 konzultace jin\u00fdm u\u010ditel\u016fm nap\u0159\u00ed\u010d cel\u00fdm regionem, a d\u00e1le jsme realizovali vzd\u011bl\u00e1vac\u00ed semin\u00e1\u0159e v r\u00e1mci DVPP. Web m\u00e1&#8230;<\/p>\n","protected":false},"author":2,"featured_media":0,"parent":0,"menu_order":0,"comment_status":"closed","ping_status":"open","template":"","meta":{"footnotes":""},"class_list":["post-2","page","type-page","status-publish","hentry"],"_links":{"self":[{"href":"https:\/\/ucitel.kvcso.cz\/index.php?rest_route=\/wp\/v2\/pages\/2","targetHints":{"allow":["GET"]}}],"collection":[{"href":"https:\/\/ucitel.kvcso.cz\/index.php?rest_route=\/wp\/v2\/pages"}],"about":[{"href":"https:\/\/ucitel.kvcso.cz\/index.php?rest_route=\/wp\/v2\/types\/page"}],"author":[{"embeddable":true,"href":"https:\/\/ucitel.kvcso.cz\/index.php?rest_route=\/wp\/v2\/users\/2"}],"replies":[{"embeddable":true,"href":"https:\/\/ucitel.kvcso.cz\/index.php?rest_route=%2Fwp%2Fv2%2Fcomments&post=2"}],"version-history":[{"count":6,"href":"https:\/\/ucitel.kvcso.cz\/index.php?rest_route=\/wp\/v2\/pages\/2\/revisions"}],"predecessor-version":[{"id":814,"href":"https:\/\/ucitel.kvcso.cz\/index.php?rest_route=\/wp\/v2\/pages\/2\/revisions\/814"}],"wp:attachment":[{"href":"https:\/\/ucitel.kvcso.cz\/index.php?rest_route=%2Fwp%2Fv2%2Fmedia&parent=2"}],"curies":[{"name":"wp","href":"https:\/\/api.w.org\/{rel}","templated":true}]}}